{"id":90768,"date":"2021-03-22T14:24:03","date_gmt":"2021-03-22T13:24:03","guid":{"rendered":"https:\/\/www.paolalenti.it\/novita-copy\/"},"modified":"2022-03-21T16:52:50","modified_gmt":"2022-03-21T15:52:50","slug":"novita-1","status":"publish","type":"page","link":"https:\/\/www.paolalenti.it\/it\/homepage\/novita-1\/","title":{"rendered":"Eres, la nuova collezione naturale di Paola Lenti"},"content":{"rendered":"<figure class=\"wp-block-embed is-type-video is-provider-vimeo wp-block-embed-vimeo wp-embed-aspect-16-9 wp-has-aspect-ratio\"><div class=\"wp-block-embed__wrapper\">\n<iframe loading=\"lazy\" title=\"ERES LO SPIRITO DELLA NATURA\" src=\"https:\/\/player.vimeo.com\/video\/522800009?h=8f8713b6c2&amp;dnt=1&amp;app_id=122963\" width=\"500\" height=\"281\" frameborder=\"0\" allow=\"autoplay; fullscreen; picture-in-picture\" allowfullscreen><\/iframe>\n<\/div><\/figure>\n\n\n\n<p>Lino, canapa, bamb\u00f9, rafia, igusa, abaca: questi i materiali scelti e selezionati per gli arredi di <strong>Eres<\/strong>, la nuova collezione di Paola Lenti.&nbsp; Sostenibilit\u00e0 ambientale ed equilibrio ecologico, recupero e utilizzo di materiali rinnovabili \u2014 ottenuti grazie a un accurato controllo della filiera e a tecniche di coltivazione e produzione tradizionali \u2014 sono i concetti che hanno determinato la decisione di attribuire il nome Eres alla collezione. Infatti, uno dei significati della parola Eres nell\u2019Antico Testamento \u00e8 terra, cio\u00e8 il luogo in cui si sviluppa la vita dell&#8217;uomo.<br><br>La nuova collezione propone cos\u00ec elementi d&#8217;arredo progettati e costruiti prediligendo piante erbacee e arbustive a crescita stagionale, impiegati senza interventi chimici e trattati in modo da esaltare le loro intrinseche caratteristiche particolari.<br><br>Gli arredi di Eres, che si distinguono per le tenui ed esclusive tonalit\u00e0 cromatiche, offrono inedite sensazioni tattili e ridestano il piacere del contatto con tessuti vegetali originali, lavorati e perfezionati allo scopo di potenziarne i requisiti di resistenza, leggerezza, traspirabilit\u00e0. Propriet\u00e0 che, nel loro equilibrio, esaltano la funzionalit\u00e0 e l\u2019estetica delle nuove sedute disegnate da Francesco Rota.<\/p>","protected":false},"excerpt":{"rendered":"<p>Lino, canapa, bamb\u00f9, rafia, igusa, abaca: questi i materiali scelti e selezionati per gli arredi di Eres, la nuova collezione di Paola Lenti.&nbsp; Sostenibilit\u00e0 ambientale ed equilibrio ecologico, recupero e utilizzo di materiali rinnovabili \u2014 ottenuti grazie a un accurato controllo della filiera e a tecniche di coltivazione e produzione tradizionali \u2014 sono i concetti che hanno determinato la decisione di attribuire il nome Eres alla collezione. Infatti, uno dei significati della parola Eres nell\u2019Antico Testamento \u00e8 terra, cio\u00e8 il luogo in cui si sviluppa la vita dell&#8217;uomo. La nuova collezione propone cos\u00ec elementi d&#8217;arredo progettati e costruiti prediligendo piante erbacee e arbustive a crescita stagionale, impiegati senza interventi chimici e trattati in modo da esaltare le loro intrinseche caratteristiche particolari. Gli arredi di Eres, [&hellip;]<\/p>\n","protected":false},"author":4,"featured_media":0,"parent":10659,"menu_order":10,"comment_status":"closed","ping_status":"closed","template":"page-novita.php","meta":[],"yoast_head":"<!-- This site is optimized with the Yoast SEO plugin v18.8 - https:\/\/yoast.com\/wordpress\/plugins\/seo\/ -->\n<title>Nuove collezioni - Paola Lenti<\/title>\n<meta name=\"description\" content=\"I prodotti per l&#039;interno e per l&#039;esterno delle collezioni Paola Lenti pi\u00f9 recenti.\" \/>\n<meta name=\"robots\" content=\"index, follow, max-snippet:-1, max-image-preview:large, max-video-preview:-1\" \/>\n<link rel=\"canonical\" href=\"https:\/\/www.paolalenti.it\/en\/homepage\/novita-1\/\" \/>\n<meta property=\"og:locale\" content=\"it_IT\" \/>\n<meta property=\"og:type\" content=\"article\" \/>\n<meta property=\"og:title\" content=\"Nuove collezioni - Paola Lenti\" \/>\n<meta property=\"og:description\" content=\"I prodotti per l&#039;interno e per l&#039;esterno delle collezioni Paola Lenti pi\u00f9 recenti.\" \/>\n<meta property=\"og:url\" content=\"https:\/\/www.paolalenti.it\/en\/homepage\/novita-1\/\" \/>\n<meta property=\"og:site_name\" content=\"Paola Lenti\" \/>\n<meta property=\"article:modified_time\" content=\"2022-03-21T15:52:50+00:00\" \/>\n<meta property=\"og:image\" content=\"https:\/\/www.paolalenti.it\/wp-content\/uploads\/2021\/01\/L1000007.jpg\" \/>\n\t<meta property=\"og:image:width\" content=\"1920\" \/>\n\t<meta property=\"og:image:height\" content=\"1280\" \/>\n\t<meta property=\"og:image:type\" content=\"image\/jpeg\" \/>\n<meta name=\"twitter:card\" content=\"summary_large_image\" \/>\n<meta name=\"twitter:label1\" content=\"Tempo di lettura stimato\" \/>\n\t<meta name=\"twitter:data1\" content=\"1 minuto\" \/>\n<script type=\"application\/ld+json\" class=\"yoast-schema-graph\">{\"@context\":\"https:\/\/schema.org\",\"@graph\":[{\"@type\":\"Organization\",\"@id\":\"https:\/\/www.paolalenti.it\/it\/#organization\",\"name\":\"Paola Lenti\",\"url\":\"https:\/\/www.paolalenti.it\/it\/\",\"sameAs\":[\"https:\/\/www.instagram.com\/paola_lenti_official\/\",\"https:\/\/www.linkedin.com\/company\/paola-lenti-srl\/\",\"https:\/\/www.pinterest.com\/paola_lenti\/\"],\"logo\":{\"@type\":\"ImageObject\",\"inLanguage\":\"it-IT\",\"@id\":\"https:\/\/www.paolalenti.it\/it\/#\/schema\/logo\/image\/\",\"url\":\"https:\/\/www.paolalenti.it\/wp-content\/uploads\/2020\/11\/logoPL.png\",\"contentUrl\":\"https:\/\/www.paolalenti.it\/wp-content\/uploads\/2020\/11\/logoPL.png\",\"width\":783,\"height\":389,\"caption\":\"Paola Lenti\"},\"image\":{\"@id\":\"https:\/\/www.paolalenti.it\/it\/#\/schema\/logo\/image\/\"}},{\"@type\":\"WebSite\",\"@id\":\"https:\/\/www.paolalenti.it\/it\/#website\",\"url\":\"https:\/\/www.paolalenti.it\/it\/\",\"name\":\"Paola Lenti\",\"description\":\"\",\"publisher\":{\"@id\":\"https:\/\/www.paolalenti.it\/it\/#organization\"},\"potentialAction\":[{\"@type\":\"SearchAction\",\"target\":{\"@type\":\"EntryPoint\",\"urlTemplate\":\"https:\/\/www.paolalenti.it\/it\/?s={search_term_string}\"},\"query-input\":\"required name=search_term_string\"}],\"inLanguage\":\"it-IT\"},{\"@type\":\"WebPage\",\"@id\":\"https:\/\/www.paolalenti.it\/en\/homepage\/novita-1\/#webpage\",\"url\":\"https:\/\/www.paolalenti.it\/en\/homepage\/novita-1\/\",\"name\":\"Nuove collezioni - Paola Lenti\",\"isPartOf\":{\"@id\":\"https:\/\/www.paolalenti.it\/it\/#website\"},\"datePublished\":\"2021-03-22T13:24:03+00:00\",\"dateModified\":\"2022-03-21T15:52:50+00:00\",\"description\":\"I prodotti per l'interno e per l'esterno delle collezioni Paola Lenti pi\u00f9 recenti.\",\"breadcrumb\":{\"@id\":\"https:\/\/www.paolalenti.it\/en\/homepage\/novita-1\/#breadcrumb\"},\"inLanguage\":\"it-IT\",\"potentialAction\":[{\"@type\":\"ReadAction\",\"target\":[\"https:\/\/www.paolalenti.it\/en\/homepage\/novita-1\/\"]}]},{\"@type\":\"BreadcrumbList\",\"@id\":\"https:\/\/www.paolalenti.it\/en\/homepage\/novita-1\/#breadcrumb\",\"itemListElement\":[{\"@type\":\"ListItem\",\"position\":1,\"name\":\"Home\",\"item\":\"https:\/\/www.paolalenti.it\/en\/\"},{\"@type\":\"ListItem\",\"position\":2,\"name\":\"Homepage\",\"item\":\"https:\/\/www.paolalenti.it\/en\/\"},{\"@type\":\"ListItem\",\"position\":3,\"name\":\"Eres, la nuova collezione naturale di Paola Lenti\"}]}]}<\/script>\n<!-- \/ Yoast SEO plugin. -->","yoast_head_json":{"title":"Nuove collezioni - Paola Lenti","description":"I prodotti per l'interno e per l'esterno delle collezioni Paola Lenti pi\u00f9 recenti.","robots":{"index":"index","follow":"follow","max-snippet":"max-snippet:-1","max-image-preview":"max-image-preview:large","max-video-preview":"max-video-preview:-1"},"canonical":"https:\/\/www.paolalenti.it\/en\/homepage\/novita-1\/","og_locale":"it_IT","og_type":"article","og_title":"Nuove collezioni - Paola Lenti","og_description":"I prodotti per l'interno e per l'esterno delle collezioni Paola Lenti pi\u00f9 recenti.","og_url":"https:\/\/www.paolalenti.it\/en\/homepage\/novita-1\/","og_site_name":"Paola Lenti","article_modified_time":"2022-03-21T15:52:50+00:00","og_image":[{"width":1920,"height":1280,"url":"https:\/\/www.paolalenti.it\/wp-content\/uploads\/2021\/01\/L1000007.jpg","type":"image\/jpeg"}],"twitter_card":"summary_large_image","twitter_misc":{"Tempo di lettura stimato":"1 minuto"},"schema":{"@context":"https:\/\/schema.org","@graph":[{"@type":"Organization","@id":"https:\/\/www.paolalenti.it\/it\/#organization","name":"Paola Lenti","url":"https:\/\/www.paolalenti.it\/it\/","sameAs":["https:\/\/www.instagram.com\/paola_lenti_official\/","https:\/\/www.linkedin.com\/company\/paola-lenti-srl\/","https:\/\/www.pinterest.com\/paola_lenti\/"],"logo":{"@type":"ImageObject","inLanguage":"it-IT","@id":"https:\/\/www.paolalenti.it\/it\/#\/schema\/logo\/image\/","url":"https:\/\/www.paolalenti.it\/wp-content\/uploads\/2020\/11\/logoPL.png","contentUrl":"https:\/\/www.paolalenti.it\/wp-content\/uploads\/2020\/11\/logoPL.png","width":783,"height":389,"caption":"Paola Lenti"},"image":{"@id":"https:\/\/www.paolalenti.it\/it\/#\/schema\/logo\/image\/"}},{"@type":"WebSite","@id":"https:\/\/www.paolalenti.it\/it\/#website","url":"https:\/\/www.paolalenti.it\/it\/","name":"Paola Lenti","description":"","publisher":{"@id":"https:\/\/www.paolalenti.it\/it\/#organization"},"potentialAction":[{"@type":"SearchAction","target":{"@type":"EntryPoint","urlTemplate":"https:\/\/www.paolalenti.it\/it\/?s={search_term_string}"},"query-input":"required name=search_term_string"}],"inLanguage":"it-IT"},{"@type":"WebPage","@id":"https:\/\/www.paolalenti.it\/en\/homepage\/novita-1\/#webpage","url":"https:\/\/www.paolalenti.it\/en\/homepage\/novita-1\/","name":"Nuove collezioni - Paola Lenti","isPartOf":{"@id":"https:\/\/www.paolalenti.it\/it\/#website"},"datePublished":"2021-03-22T13:24:03+00:00","dateModified":"2022-03-21T15:52:50+00:00","description":"I prodotti per l'interno e per l'esterno delle collezioni Paola Lenti pi\u00f9 recenti.","breadcrumb":{"@id":"https:\/\/www.paolalenti.it\/en\/homepage\/novita-1\/#breadcrumb"},"inLanguage":"it-IT","potentialAction":[{"@type":"ReadAction","target":["https:\/\/www.paolalenti.it\/en\/homepage\/novita-1\/"]}]},{"@type":"BreadcrumbList","@id":"https:\/\/www.paolalenti.it\/en\/homepage\/novita-1\/#breadcrumb","itemListElement":[{"@type":"ListItem","position":1,"name":"Home","item":"https:\/\/www.paolalenti.it\/en\/"},{"@type":"ListItem","position":2,"name":"Homepage","item":"https:\/\/www.paolalenti.it\/en\/"},{"@type":"ListItem","position":3,"name":"Eres, la nuova collezione naturale di Paola Lenti"}]}]}},"meta_box":{"_pl_videos":[],"_pl_certifications":[],"_pl_products_new":[90025,90030,90850,90202,90199,90037,90193,90213,90207,90225,90044,90175,90046,90054,90271,90595,90063,90253,90061,90057],"_pl_awards":[],"_pl_contacts":[],"_pl_inspirations":[],"_pl_catalogues":[],"_pl_sections":[]},"_links":{"self":[{"href":"https:\/\/www.paolalenti.it\/it\/wp-json\/wp\/v2\/pages\/90768"}],"collection":[{"href":"https:\/\/www.paolalenti.it\/it\/wp-json\/wp\/v2\/pages"}],"about":[{"href":"https:\/\/www.paolalenti.it\/it\/wp-json\/wp\/v2\/types\/page"}],"author":[{"embeddable":true,"href":"https:\/\/www.paolalenti.it\/it\/wp-json\/wp\/v2\/users\/4"}],"replies":[{"embeddable":true,"href":"https:\/\/www.paolalenti.it\/it\/wp-json\/wp\/v2\/comments?post=90768"}],"version-history":[{"count":13,"href":"https:\/\/www.paolalenti.it\/it\/wp-json\/wp\/v2\/pages\/90768\/revisions"}],"predecessor-version":[{"id":100051,"href":"https:\/\/www.paolalenti.it\/it\/wp-json\/wp\/v2\/pages\/90768\/revisions\/100051"}],"up":[{"embeddable":true,"href":"https:\/\/www.paolalenti.it\/it\/wp-json\/wp\/v2\/pages\/10659"}],"wp:attachment":[{"href":"https:\/\/www.paolalenti.it\/it\/wp-json\/wp\/v2\/media?parent=90768"}],"curies":[{"name":"wp","href":"https:\/\/api.w.org\/{rel}","templated":true}]}}