{"id":26912,"date":"2020-10-09T18:11:55","date_gmt":"2020-10-09T16:11:55","guid":{"rendered":"https:\/\/www.paolalenti.it\/?page_id=26912"},"modified":"2025-06-17T14:18:34","modified_gmt":"2025-06-17T12:18:34","slug":"chi-siamo","status":"publish","type":"page","link":"https:\/\/www.paolalenti.it\/en\/chi-siamo\/","title":{"rendered":"A People Company"},"content":{"rendered":"<div class=\"wp-block-image\"><figure class=\"aligncenter size-full is-resized\"><img loading=\"lazy\" src=\"https:\/\/www.paolalenti.it\/wp-content\/uploads\/2022\/04\/PaolaLenti_volti.jpg\" alt=\"\" class=\"wp-image-100411\" width=\"1485\" height=\"827\" srcset=\"https:\/\/www.paolalenti.it\/wp-content\/uploads\/2022\/04\/PaolaLenti_volti.jpg 1980w, https:\/\/www.paolalenti.it\/wp-content\/uploads\/2022\/04\/PaolaLenti_volti-300x167.jpg 300w, https:\/\/www.paolalenti.it\/wp-content\/uploads\/2022\/04\/PaolaLenti_volti-1024x570.jpg 1024w, https:\/\/www.paolalenti.it\/wp-content\/uploads\/2022\/04\/PaolaLenti_volti-768x427.jpg 768w, https:\/\/www.paolalenti.it\/wp-content\/uploads\/2022\/04\/PaolaLenti_volti-1536x855.jpg 1536w, https:\/\/www.paolalenti.it\/wp-content\/uploads\/2022\/04\/PaolaLenti_volti-800x445.jpg 800w\" sizes=\"(max-width: 1485px) 100vw, 1485px\" \/><figcaption>Ph. \u00a9 Maurizio Natta<\/figcaption><\/figure><\/div>\n\n\n\n<p>We started from a thread: the one used for the rugs, the first products introduced on the market branded Paola Lenti. We started as passionate artisans, paying a scrupulous attention to the quality of materials: always looking for a point of contact, a special harmony between colours, signs and shapes.<br>It was 1994. We were small but we were dreaming big. <br>Year after year, we have experimented on yarns and fabrics; this led to the first outdoor collections that have made us known in Italy and in the world.<\/p>\n\n\n\n<div class=\"wp-block-image\"><figure class=\"aligncenter size-full is-resized\"><img loading=\"lazy\" src=\"https:\/\/www.paolalenti.it\/wp-content\/uploads\/2025\/06\/PaolaLenti_azienda.jpg\" alt=\"\" class=\"wp-image-121640\" width=\"1440\" height=\"731\" srcset=\"https:\/\/www.paolalenti.it\/wp-content\/uploads\/2025\/06\/PaolaLenti_azienda.jpg 1920w, https:\/\/www.paolalenti.it\/wp-content\/uploads\/2025\/06\/PaolaLenti_azienda-300x152.jpg 300w, https:\/\/www.paolalenti.it\/wp-content\/uploads\/2025\/06\/PaolaLenti_azienda-1024x520.jpg 1024w, https:\/\/www.paolalenti.it\/wp-content\/uploads\/2025\/06\/PaolaLenti_azienda-768x390.jpg 768w, https:\/\/www.paolalenti.it\/wp-content\/uploads\/2025\/06\/PaolaLenti_azienda-1536x780.jpg 1536w, https:\/\/www.paolalenti.it\/wp-content\/uploads\/2025\/06\/PaolaLenti_azienda-800x406.jpg 800w\" sizes=\"(max-width: 1440px) 100vw, 1440px\" \/><figcaption>Ph. \u00a9 Maurizio Natta<\/figcaption><\/figure><\/div>\n\n\n\n<p><sub>The outdoors has strengthened our brand identity. We have discovered our talent for colour: it has become our trademark.<br>We started new collaborations with selected artisans to preserve the unmistakable sign of craftwork and, at the same time, intensified experimentation and research in partnership with scientific institutes, universities and other companies.<\/sub><\/p>\n\n\n\n<div class=\"wp-block-image\"><figure class=\"aligncenter size-full is-resized\"><img loading=\"lazy\" src=\"https:\/\/www.paolalenti.it\/wp-content\/uploads\/2021\/01\/L1002410.jpg\" alt=\"\" class=\"wp-image-89867\" width=\"1440\" height=\"960\" srcset=\"https:\/\/www.paolalenti.it\/wp-content\/uploads\/2021\/01\/L1002410.jpg 1920w, https:\/\/www.paolalenti.it\/wp-content\/uploads\/2021\/01\/L1002410-300x200.jpg 300w, https:\/\/www.paolalenti.it\/wp-content\/uploads\/2021\/01\/L1002410-1024x683.jpg 1024w, https:\/\/www.paolalenti.it\/wp-content\/uploads\/2021\/01\/L1002410-768x512.jpg 768w, https:\/\/www.paolalenti.it\/wp-content\/uploads\/2021\/01\/L1002410-1536x1024.jpg 1536w\" sizes=\"(max-width: 1440px) 100vw, 1440px\" \/><figcaption>Ph. \u00a9 Maurizio Natta<\/figcaption><\/figure><\/div>\n\n\n\n<p>Tradition, innovation. Today we can count on cutting-edge technical yarns and at the same time recover &#8220;ancient&#8221; fibers such as flax and hemp, enhancing cultures from other parts of the world and cultivation methods that risk disappearing.<br>Since inception, the respect for the planet is among our priorities. We produce sustainable furniture because durable and recyclable, using process with low environmental impact.<br>We were small, but we have grown. Today Paola Lenti is an industrial reality made up of multiple professionals \u2013 tailors, upholsterers, weavers, architects and engineers \u2013 and consolidated collaborations with local workers, thus enhancing an all-Italian production chain.<\/p>\n\n\n\n<div class=\"wp-block-image\"><figure class=\"aligncenter size-full is-resized\"><img loading=\"lazy\" src=\"https:\/\/www.paolalenti.it\/wp-content\/uploads\/2025\/06\/PaolaLenti_2.jpg\" alt=\"\" class=\"wp-image-121658\" width=\"1440\" height=\"899\" srcset=\"https:\/\/www.paolalenti.it\/wp-content\/uploads\/2025\/06\/PaolaLenti_2.jpg 1920w, https:\/\/www.paolalenti.it\/wp-content\/uploads\/2025\/06\/PaolaLenti_2-300x187.jpg 300w, https:\/\/www.paolalenti.it\/wp-content\/uploads\/2025\/06\/PaolaLenti_2-1024x639.jpg 1024w, https:\/\/www.paolalenti.it\/wp-content\/uploads\/2025\/06\/PaolaLenti_2-768x480.jpg 768w, https:\/\/www.paolalenti.it\/wp-content\/uploads\/2025\/06\/PaolaLenti_2-1536x959.jpg 1536w, https:\/\/www.paolalenti.it\/wp-content\/uploads\/2025\/06\/PaolaLenti_2-800x500.jpg 800w\" sizes=\"(max-width: 1440px) 100vw, 1440px\" \/><figcaption>Ph. \u00a9 Maurizio Natta<\/figcaption><\/figure><\/div>\n\n\n\n<p>From residential projects to the world of yachting and hospitality, the company has developed over the years a specific expertise to ensure tailor-made solutions to any kind of context. Paola Lenti collections are distributed in over 60 countries, in about 300 of the most important international showrooms as well as in its many flagship stores.<\/p>\n\n\n\n<div class=\"wp-block-image\"><figure class=\"aligncenter size-full is-resized\"><img loading=\"lazy\" src=\"https:\/\/www.paolalenti.it\/wp-content\/uploads\/2021\/01\/L1000470.jpg\" alt=\"\" class=\"wp-image-89890\" width=\"1440\" height=\"960\" srcset=\"https:\/\/www.paolalenti.it\/wp-content\/uploads\/2021\/01\/L1000470.jpg 1920w, https:\/\/www.paolalenti.it\/wp-content\/uploads\/2021\/01\/L1000470-300x200.jpg 300w, https:\/\/www.paolalenti.it\/wp-content\/uploads\/2021\/01\/L1000470-1024x683.jpg 1024w, https:\/\/www.paolalenti.it\/wp-content\/uploads\/2021\/01\/L1000470-768x512.jpg 768w, https:\/\/www.paolalenti.it\/wp-content\/uploads\/2021\/01\/L1000470-1536x1024.jpg 1536w\" sizes=\"(max-width: 1440px) 100vw, 1440px\" \/><figcaption>Ph. \u00a9 Maurizio Natta<\/figcaption><\/figure><\/div>\n\n\n\n<p>To the outdoor collections, those for interiors have been added, transforming the house Paola Lenti in a complete domestic universe.&nbsp;Carpets, sofas, armchairs and chaise longue can be combined with tables, bookcases, movable backdrops and many other furnishing accessories;&nbsp;materials such as wood, ceramics, glass and metals, which dialogue through colors and finishes, have been introduced next to the exclusive yarns and fabrics, creating this way harmonious and comprehensive environments.<br><br>After more than thirty years, we are still tied to that thread: proud of our history.<br>Paola and Anna Lenti<\/p>","protected":false},"excerpt":{"rendered":"<p>We started from a thread: the one used for the rugs, the first products introduced on the market branded Paola Lenti. We started as passionate artisans, paying a scrupulous attention to the quality of materials: always looking for a point of contact, a special harmony between colours, signs and shapes.It was 1994. We were small but we were dreaming big. Year after year, we have experimented on yarns and fabrics; this led to the first outdoor collections that have made us known in Italy and in the world. The outdoors has strengthened our brand identity. We have discovered our talent for colour: it has become our trademark.We started new collaborations with selected artisans to preserve the unmistakable sign of craftwork and, at the same time, [&hellip;]<\/p>\n","protected":false},"author":4,"featured_media":0,"parent":0,"menu_order":41,"comment_status":"closed","ping_status":"closed","template":"","meta":[],"yoast_head":"<!-- This site is optimized with the Yoast SEO plugin v18.8 - https:\/\/yoast.com\/wordpress\/plugins\/seo\/ -->\n<title>About us - Paola Lenti<\/title>\n<meta name=\"description\" content=\"Paola Lenti is a reality made up of multiple professionals \u2013 tailors, upholsterers, weavers, architects and engineers \u2013 and consolidated collaborations.\" \/>\n<meta name=\"robots\" content=\"index, follow, max-snippet:-1, max-image-preview:large, max-video-preview:-1\" \/>\n<link rel=\"canonical\" href=\"https:\/\/www.paolalenti.it\/it\/chi-siamo\/\" \/>\n<meta property=\"og:locale\" content=\"en_US\" \/>\n<meta property=\"og:type\" content=\"article\" \/>\n<meta property=\"og:title\" content=\"About us - Paola Lenti\" \/>\n<meta property=\"og:description\" content=\"Paola Lenti is a reality made up of multiple professionals \u2013 tailors, upholsterers, weavers, architects and engineers \u2013 and consolidated collaborations.\" \/>\n<meta property=\"og:url\" content=\"https:\/\/www.paolalenti.it\/it\/chi-siamo\/\" \/>\n<meta property=\"og:site_name\" content=\"Paola Lenti\" \/>\n<meta property=\"article:modified_time\" content=\"2025-06-17T12:18:34+00:00\" \/>\n<meta property=\"og:image\" content=\"https:\/\/www.paolalenti.it\/wp-content\/uploads\/2022\/04\/PaolaLenti_volti.jpg\" \/>\n<meta name=\"twitter:card\" content=\"summary_large_image\" \/>\n<meta name=\"twitter:label1\" content=\"Est. reading time\" \/>\n\t<meta name=\"twitter:data1\" content=\"3 minutes\" \/>\n<script type=\"application\/ld+json\" class=\"yoast-schema-graph\">{\"@context\":\"https:\/\/schema.org\",\"@graph\":[{\"@type\":\"Organization\",\"@id\":\"https:\/\/www.paolalenti.it\/it\/#organization\",\"name\":\"Paola Lenti\",\"url\":\"https:\/\/www.paolalenti.it\/it\/\",\"sameAs\":[\"https:\/\/www.instagram.com\/paola_lenti_official\/\",\"https:\/\/www.linkedin.com\/company\/paola-lenti-srl\/\",\"https:\/\/www.pinterest.com\/paola_lenti\/\"],\"logo\":{\"@type\":\"ImageObject\",\"inLanguage\":\"en-US\",\"@id\":\"https:\/\/www.paolalenti.it\/it\/#\/schema\/logo\/image\/\",\"url\":\"https:\/\/www.paolalenti.it\/wp-content\/uploads\/2020\/11\/logoPL.png\",\"contentUrl\":\"https:\/\/www.paolalenti.it\/wp-content\/uploads\/2020\/11\/logoPL.png\",\"width\":783,\"height\":389,\"caption\":\"Paola Lenti\"},\"image\":{\"@id\":\"https:\/\/www.paolalenti.it\/it\/#\/schema\/logo\/image\/\"}},{\"@type\":\"WebSite\",\"@id\":\"https:\/\/www.paolalenti.it\/it\/#website\",\"url\":\"https:\/\/www.paolalenti.it\/it\/\",\"name\":\"Paola Lenti\",\"description\":\"\",\"publisher\":{\"@id\":\"https:\/\/www.paolalenti.it\/it\/#organization\"},\"potentialAction\":[{\"@type\":\"SearchAction\",\"target\":{\"@type\":\"EntryPoint\",\"urlTemplate\":\"https:\/\/www.paolalenti.it\/it\/?s={search_term_string}\"},\"query-input\":\"required name=search_term_string\"}],\"inLanguage\":\"en-US\"},{\"@type\":\"ImageObject\",\"inLanguage\":\"en-US\",\"@id\":\"https:\/\/www.paolalenti.it\/it\/chi-siamo\/#primaryimage\",\"url\":\"https:\/\/www.paolalenti.it\/wp-content\/uploads\/2022\/04\/PaolaLenti_volti.jpg\",\"contentUrl\":\"https:\/\/www.paolalenti.it\/wp-content\/uploads\/2022\/04\/PaolaLenti_volti.jpg\",\"width\":1980,\"height\":1102},{\"@type\":\"WebPage\",\"@id\":\"https:\/\/www.paolalenti.it\/it\/chi-siamo\/#webpage\",\"url\":\"https:\/\/www.paolalenti.it\/it\/chi-siamo\/\",\"name\":\"[:it]Chi siamo - Paola Lenti[:en]About us - Paola Lenti[:]\",\"isPartOf\":{\"@id\":\"https:\/\/www.paolalenti.it\/it\/#website\"},\"primaryImageOfPage\":{\"@id\":\"https:\/\/www.paolalenti.it\/it\/chi-siamo\/#primaryimage\"},\"datePublished\":\"2020-10-09T16:11:55+00:00\",\"dateModified\":\"2025-06-17T12:18:34+00:00\",\"description\":\"[:it]Paola Lenti \u00e8 una realt\u00e0 fatta da molteplici professionalit\u00e0 \u2013 sarti, tappezzieri, intrecciatori, architetti, ingegneri \u2013 e consolidate collaborazioni.[:en]Paola Lenti is a reality made up of multiple professionals \u2013 tailors, upholsterers, weavers, architects and engineers \u2013 and consolidated collaborations.[:]\",\"breadcrumb\":{\"@id\":\"https:\/\/www.paolalenti.it\/it\/chi-siamo\/#breadcrumb\"},\"inLanguage\":\"en-US\",\"potentialAction\":[{\"@type\":\"ReadAction\",\"target\":[\"https:\/\/www.paolalenti.it\/it\/chi-siamo\/\"]}]},{\"@type\":\"BreadcrumbList\",\"@id\":\"https:\/\/www.paolalenti.it\/it\/chi-siamo\/#breadcrumb\",\"itemListElement\":[{\"@type\":\"ListItem\",\"position\":1,\"name\":\"Home\",\"item\":\"https:\/\/www.paolalenti.it\/en\/\"},{\"@type\":\"ListItem\",\"position\":2,\"name\":\"Un&#8217;azienda di persone\"}]}]}<\/script>\n<!-- \/ Yoast SEO plugin. -->","yoast_head_json":{"title":"About us - Paola Lenti","description":"Paola Lenti is a reality made up of multiple professionals \u2013 tailors, upholsterers, weavers, architects and engineers \u2013 and consolidated collaborations.","robots":{"index":"index","follow":"follow","max-snippet":"max-snippet:-1","max-image-preview":"max-image-preview:large","max-video-preview":"max-video-preview:-1"},"canonical":"https:\/\/www.paolalenti.it\/it\/chi-siamo\/","og_locale":"en_US","og_type":"article","og_title":"About us - Paola Lenti","og_description":"Paola Lenti is a reality made up of multiple professionals \u2013 tailors, upholsterers, weavers, architects and engineers \u2013 and consolidated collaborations.","og_url":"https:\/\/www.paolalenti.it\/it\/chi-siamo\/","og_site_name":"Paola Lenti","article_modified_time":"2025-06-17T12:18:34+00:00","og_image":[{"url":"https:\/\/www.paolalenti.it\/wp-content\/uploads\/2022\/04\/PaolaLenti_volti.jpg"}],"twitter_card":"summary_large_image","twitter_misc":{"Est. reading time":"3 minutes"},"schema":{"@context":"https:\/\/schema.org","@graph":[{"@type":"Organization","@id":"https:\/\/www.paolalenti.it\/it\/#organization","name":"Paola Lenti","url":"https:\/\/www.paolalenti.it\/it\/","sameAs":["https:\/\/www.instagram.com\/paola_lenti_official\/","https:\/\/www.linkedin.com\/company\/paola-lenti-srl\/","https:\/\/www.pinterest.com\/paola_lenti\/"],"logo":{"@type":"ImageObject","inLanguage":"en-US","@id":"https:\/\/www.paolalenti.it\/it\/#\/schema\/logo\/image\/","url":"https:\/\/www.paolalenti.it\/wp-content\/uploads\/2020\/11\/logoPL.png","contentUrl":"https:\/\/www.paolalenti.it\/wp-content\/uploads\/2020\/11\/logoPL.png","width":783,"height":389,"caption":"Paola Lenti"},"image":{"@id":"https:\/\/www.paolalenti.it\/it\/#\/schema\/logo\/image\/"}},{"@type":"WebSite","@id":"https:\/\/www.paolalenti.it\/it\/#website","url":"https:\/\/www.paolalenti.it\/it\/","name":"Paola Lenti","description":"","publisher":{"@id":"https:\/\/www.paolalenti.it\/it\/#organization"},"potentialAction":[{"@type":"SearchAction","target":{"@type":"EntryPoint","urlTemplate":"https:\/\/www.paolalenti.it\/it\/?s={search_term_string}"},"query-input":"required name=search_term_string"}],"inLanguage":"en-US"},{"@type":"ImageObject","inLanguage":"en-US","@id":"https:\/\/www.paolalenti.it\/it\/chi-siamo\/#primaryimage","url":"https:\/\/www.paolalenti.it\/wp-content\/uploads\/2022\/04\/PaolaLenti_volti.jpg","contentUrl":"https:\/\/www.paolalenti.it\/wp-content\/uploads\/2022\/04\/PaolaLenti_volti.jpg","width":1980,"height":1102},{"@type":"WebPage","@id":"https:\/\/www.paolalenti.it\/it\/chi-siamo\/#webpage","url":"https:\/\/www.paolalenti.it\/it\/chi-siamo\/","name":"[:it]Chi siamo - Paola Lenti[:en]About us - Paola Lenti[:]","isPartOf":{"@id":"https:\/\/www.paolalenti.it\/it\/#website"},"primaryImageOfPage":{"@id":"https:\/\/www.paolalenti.it\/it\/chi-siamo\/#primaryimage"},"datePublished":"2020-10-09T16:11:55+00:00","dateModified":"2025-06-17T12:18:34+00:00","description":"[:it]Paola Lenti \u00e8 una realt\u00e0 fatta da molteplici professionalit\u00e0 \u2013 sarti, tappezzieri, intrecciatori, architetti, ingegneri \u2013 e consolidate collaborazioni.[:en]Paola Lenti is a reality made up of multiple professionals \u2013 tailors, upholsterers, weavers, architects and engineers \u2013 and consolidated collaborations.[:]","breadcrumb":{"@id":"https:\/\/www.paolalenti.it\/it\/chi-siamo\/#breadcrumb"},"inLanguage":"en-US","potentialAction":[{"@type":"ReadAction","target":["https:\/\/www.paolalenti.it\/it\/chi-siamo\/"]}]},{"@type":"BreadcrumbList","@id":"https:\/\/www.paolalenti.it\/it\/chi-siamo\/#breadcrumb","itemListElement":[{"@type":"ListItem","position":1,"name":"Home","item":"https:\/\/www.paolalenti.it\/en\/"},{"@type":"ListItem","position":2,"name":"Un&#8217;azienda di persone"}]}]}},"meta_box":{"_pl_videos":[],"_pl_certifications":[],"_pl_products_new":[],"_pl_awards":[],"_pl_contacts":[],"_pl_inspirations":[],"_pl_catalogues":[],"_pl_sections":[]},"_links":{"self":[{"href":"https:\/\/www.paolalenti.it\/en\/wp-json\/wp\/v2\/pages\/26912"}],"collection":[{"href":"https:\/\/www.paolalenti.it\/en\/wp-json\/wp\/v2\/pages"}],"about":[{"href":"https:\/\/www.paolalenti.it\/en\/wp-json\/wp\/v2\/types\/page"}],"author":[{"embeddable":true,"href":"https:\/\/www.paolalenti.it\/en\/wp-json\/wp\/v2\/users\/4"}],"replies":[{"embeddable":true,"href":"https:\/\/www.paolalenti.it\/en\/wp-json\/wp\/v2\/comments?post=26912"}],"version-history":[{"count":74,"href":"https:\/\/www.paolalenti.it\/en\/wp-json\/wp\/v2\/pages\/26912\/revisions"}],"predecessor-version":[{"id":121661,"href":"https:\/\/www.paolalenti.it\/en\/wp-json\/wp\/v2\/pages\/26912\/revisions\/121661"}],"wp:attachment":[{"href":"https:\/\/www.paolalenti.it\/en\/wp-json\/wp\/v2\/media?parent=26912"}],"curies":[{"name":"wp","href":"https:\/\/api.w.org\/{rel}","templated":true}]}}